{"id":32,"date":"2015-03-16T19:29:09","date_gmt":"2015-03-16T19:29:09","guid":{"rendered":"http:\/\/die-massage-welle.de\/wordpress\/?page_id=32"},"modified":"2026-01-05T09:21:49","modified_gmt":"2026-01-05T08:21:49","slug":"die-massagen","status":"publish","type":"page","link":"https:\/\/die-massage-welle.de\/wordpress\/die-massagen\/","title":{"rendered":"Die Massagen"},"content":{"rendered":"<p>&#8222;Die-Massage-Welle&#8220; in Kassel &#8211; Hier bietet <a title=\"\u00dcber mich\" href=\"https:\/\/die-massage-welle.de\/wordpress\/ueber-mich\/\">Erika Hansen <\/a>\u00a0die folgenden Massagen an.<\/p>\r\n<p><strong>Ganzk\u00f6rperentspannungsmassagen: (60 &#8211; 90 Minuten)<\/strong><\/p>\r\n<ul>\r\n<li>Wellness- und Entspannungsmassagen<\/li>\r\n<li>Ayurvedische \u00d6lmassagen: aktivierend oder entspannend<\/li>\r\n<li>Seniorinnenmassage<\/li>\r\n<li>Guten-Abend-gute-Nacht-Massage\u00a0<\/li>\r\n<\/ul>\r\n<p><strong>Info: Erotische Massagen biete ich nicht an.<\/strong><\/p>\r\n<p><strong>Lomi Lomi Nui, hawaiianische Massage: (90 Minuten)\u00a0<br \/><\/strong>Sie wird oft die K\u00f6nigin unter den Massagen genannt. Dies ist ein Ritual, das z.B. bei \u00dcberg\u00e4ngen im Leben gegeben wird. Es wird mit viel warmem (Kokos-)\u00d6l gearbeitet, so dass die Massage \u00fcblicherweise unbekleidet empfangen wird. Der Intimbereich bleibt stets abgedeckt. Durch lange, streichende Ber\u00fchrungen mit den H\u00e4nden und den Unterarmen wird der K\u00f6rper in Balance gebracht. Die Massage am R\u00fccken f\u00f6rdert das Loslassen von Altem, das Aufgesetzt-Werden und Drehen auf der Liege bringt den Lebensfluss in Bewegung, die Massage der K\u00f6rpervorderseite \u00f6ffnet f\u00fcr Neues. Der Klient wird liebevoll unterst\u00fctzt, um mit Vertrauen und Freude in die Zukunft zu gehen.<\/p>\r\n<p><strong>Tiefenmassage: ( 90 Minuten)<\/strong><br \/>Wenn Klient und Therapeutin sich schon ein wenig kennen, f\u00fchrt eine Tiefenmassage zu noch intensiveren Erlebnissen und Erfahrungen. Die Wirkung kann Emotionen ausl\u00f6sen, die das Loslassen von negativ abgespeicherten Erfahrungen bewirken k\u00f6nnen. Dieser Prozess wird achtsam von mir begleitet.<\/p>\r\n<p><b>Seniorinnenmassage, auch f\u00fcr hochsensible Menschen<\/b><\/p>\r\n<p>Senioren und Seniorinnen haben besondere Bed\u00fcrfnisse, was Zeit und Raum und die Art der Ber\u00fchrung angeht. Daher kann ich meine Massage insofern anpassen, dass ich sehr sanft und behutsam ber\u00fchre. Dies ist keine Massage in dem Sinne, sondern eher K\u00f6rperarbeit, die mit voller Pr\u00e4senz und Hingabe gegeben wird. K\u00f6rper, Geist und Seele werden ber\u00fchrt durch reines Da-Sein f\u00fcr den Klienten. Die Atmung steht im Fokus, ansonsten gibt es nichts zu tun. Eine Bewegung entsteht von alleine im Fluss des Atmens und Geschehenlassens. Besonders geeignet f\u00fcr hochsensible oder \u00e4ltere Menschen.<\/p>\r\n<p>&nbsp;<\/p>\r\n\r\n<figure class=\"wp-block-gallery columns-0 is-cropped wp-block-gallery-1 is-layout-flex wp-block-gallery-is-layout-flex\"><\/figure>\r\n","protected":false},"excerpt":{"rendered":"<p>&#8222;Die-Massage-Welle&#8220; in Kassel &#8211; Hier bietet Erika Hansen \u00a0die folgenden Massagen an. Ganzk\u00f6rperentspannungsmassagen: (60 &#8211; 90 Minuten) Wellness- und Entspannungsmassagen Ayurvedische \u00d6lmassagen: aktivierend oder entspannend Seniorinnenmassage Guten-Abend-gute-Nacht-Massage\u00a0 Info: Erotische Massagen biete ich nicht an. Lomi Lomi Nui, hawaiianische Massage: (90 Minuten)\u00a0Sie wird oft die K\u00f6nigin unter den Massagen genannt. Dies ist ein Ritual, das z.B. &hellip; <a href=\"https:\/\/die-massage-welle.de\/wordpress\/die-massagen\/\" class=\"more-link\"><span class=\"screen-reader-text\">Die Massagen<\/span> weiterlesen <span class=\"meta-nav\">&rarr;<\/span><\/a><\/p>\n","protected":false},"author":1,"featured_media":0,"parent":0,"menu_order":1,"comment_status":"closed","ping_status":"closed","template":"","meta":{"footnotes":""},"class_list":["post-32","page","type-page","status-publish","hentry"],"_links":{"self":[{"href":"https:\/\/die-massage-welle.de\/wordpress\/wp-json\/wp\/v2\/pages\/32","targetHints":{"allow":["GET"]}}],"collection":[{"href":"https:\/\/die-massage-welle.de\/wordpress\/wp-json\/wp\/v2\/pages"}],"about":[{"href":"https:\/\/die-massage-welle.de\/wordpress\/wp-json\/wp\/v2\/types\/page"}],"author":[{"embeddable":true,"href":"https:\/\/die-massage-welle.de\/wordpress\/wp-json\/wp\/v2\/users\/1"}],"replies":[{"embeddable":true,"href":"https:\/\/die-massage-welle.de\/wordpress\/wp-json\/wp\/v2\/comments?post=32"}],"version-history":[{"count":28,"href":"https:\/\/die-massage-welle.de\/wordpress\/wp-json\/wp\/v2\/pages\/32\/revisions"}],"predecessor-version":[{"id":544,"href":"https:\/\/die-massage-welle.de\/wordpress\/wp-json\/wp\/v2\/pages\/32\/revisions\/544"}],"wp:attachment":[{"href":"https:\/\/die-massage-welle.de\/wordpress\/wp-json\/wp\/v2\/media?parent=32"}],"curies":[{"name":"wp","href":"https:\/\/api.w.org\/{rel}","templated":true}]}}