{"id":455,"date":"2023-09-18T08:40:24","date_gmt":"2023-09-18T07:40:24","guid":{"rendered":"https:\/\/die-massage-welle.de\/wordpress\/?page_id=455"},"modified":"2026-01-05T09:26:14","modified_gmt":"2026-01-05T08:26:14","slug":"angebote","status":"publish","type":"page","link":"https:\/\/die-massage-welle.de\/wordpress\/angebote\/","title":{"rendered":"Massage im Glas &#8211; Gutscheine erh\u00e4ltlich"},"content":{"rendered":"<p>So kommen Sie an einen Gutschein f\u00fcr ein besonderes Geschenk:<\/p>\n<p>Damit der Gutschein auch wie ein sch\u00f6nes Geschenk aussieht, gibt es ihm in einem Glas mit Beleuchtung &#8211; da leuchten die Augen des Beschenkten gleich noch mehr.<\/p>\n<p>Wie Sie den Gutschein erhalten k\u00f6nnen?<\/p>\n<p>Machen Sie telefonisch (015775767236 &#8211; bitte nutzen Sie die Mailbox!) oder per Mail (erika.hansen19@gmail.com) einen Termin mit mir aus. Wir erstellen zusammen den Gutschein, Sie zahlen in bar den ausgemachten Betrag (50,00 &#8211; 100,00 Euro plus 5,00 Euro extra f\u00fcr das Glas und die L\u00e4mpchen), ich zeige Ihnen, wie das mit dem Licht funktioniert und schon haben Sie das perfekte Geschenk in Ihren H\u00e4nden.<\/p>\n<p>Meine Gutscheine (Massage im Glas) sind ein Jahr g\u00fcltig.<\/p>\n<p>Gutscheine eignen sich wunderbar als Weihnachts- oder Geburtstagsgeschenk. Sie zeigen, dass der Schenkende sich um das Wohlergehen des Beschenkten sorgt und sich liebevoll k\u00fcmmert.<\/p>\n<p>Machen Sie einen Termin! Ich berate Sie gern und kompetent bei der Auswahl der Massagen.<\/p>\n","protected":false},"excerpt":{"rendered":"<p>So kommen Sie an einen Gutschein f\u00fcr ein besonderes Geschenk: Damit der Gutschein auch wie ein sch\u00f6nes Geschenk aussieht, gibt es ihm in einem Glas mit Beleuchtung &#8211; da leuchten die Augen des Beschenkten gleich noch mehr. Wie Sie den Gutschein erhalten k\u00f6nnen? Machen Sie telefonisch (015775767236 &#8211; bitte nutzen Sie die Mailbox!) oder per &hellip; <a href=\"https:\/\/die-massage-welle.de\/wordpress\/angebote\/\" class=\"more-link\"><span class=\"screen-reader-text\">Massage im Glas &#8211; Gutscheine erh\u00e4ltlich<\/span> weiterlesen <span class=\"meta-nav\">&rarr;<\/span><\/a><\/p>\n","protected":false},"author":1,"featured_media":0,"parent":0,"menu_order":0,"comment_status":"closed","ping_status":"closed","template":"","meta":{"footnotes":""},"class_list":["post-455","page","type-page","status-publish","hentry"],"_links":{"self":[{"href":"https:\/\/die-massage-welle.de\/wordpress\/wp-json\/wp\/v2\/pages\/455","targetHints":{"allow":["GET"]}}],"collection":[{"href":"https:\/\/die-massage-welle.de\/wordpress\/wp-json\/wp\/v2\/pages"}],"about":[{"href":"https:\/\/die-massage-welle.de\/wordpress\/wp-json\/wp\/v2\/types\/page"}],"author":[{"embeddable":true,"href":"https:\/\/die-massage-welle.de\/wordpress\/wp-json\/wp\/v2\/users\/1"}],"replies":[{"embeddable":true,"href":"https:\/\/die-massage-welle.de\/wordpress\/wp-json\/wp\/v2\/comments?post=455"}],"version-history":[{"count":8,"href":"https:\/\/die-massage-welle.de\/wordpress\/wp-json\/wp\/v2\/pages\/455\/revisions"}],"predecessor-version":[{"id":548,"href":"https:\/\/die-massage-welle.de\/wordpress\/wp-json\/wp\/v2\/pages\/455\/revisions\/548"}],"wp:attachment":[{"href":"https:\/\/die-massage-welle.de\/wordpress\/wp-json\/wp\/v2\/media?parent=455"}],"curies":[{"name":"wp","href":"https:\/\/api.w.org\/{rel}","templated":true}]}}