{"id":59,"date":"2015-03-17T16:31:14","date_gmt":"2015-03-17T15:31:14","guid":{"rendered":"http:\/\/die-massage-welle.de\/?page_id=59"},"modified":"2020-01-24T18:58:18","modified_gmt":"2020-01-24T17:58:18","slug":"ein-typischer-ablauf-der-massage","status":"publish","type":"page","link":"https:\/\/die-massage-welle.de\/wordpress\/die-massagen\/ein-typischer-ablauf-der-massage\/","title":{"rendered":"ein typischer Ablauf meiner Massage"},"content":{"rendered":"<p>Wir machen telefonisch oder per Mail einen Termin aus, f\u00fcr den Sie bitte ca. 2 Stunden Zeit einplanen.<\/p>\n<p>Bei einem Erstkontakt bitte ich Sie, meinen Klientenbogen auszuf\u00fcllen.<\/p>\n<p>Wir f\u00fchren ein Vorgespr\u00e4ch \u00fcber Ihre momentane k\u00f6rperliche und emotionale Verfassung und \u00fcber den ungef\u00e4hren Ablauf der Massage.<\/p>\n<p>Wir suchen gemeinsam ein f\u00fcr Sie passendes Massage\u00f6l aus.<\/p>\n<p>Sie legen sich auf die komfortable Massageliege und werden von mir massiert.<\/p>\n<p>Die Massagen sind individuell auf den einzelnen Klienten abgestimmt, ich sp\u00fcre mit meinen FIngerspitzen in Sie hinein und lasse meine H\u00e4nde ihre Arbeit tun.<\/p>\n<p>Zeitlich dauert eine Massage ca 60 &#8211; 90 Minuten, ggf. auch l\u00e4nger.<\/p>\n<p>Anschlie\u00dfend gibt es es eine Nachruhphase und ein kurzes Nachgespr\u00e4ch.<\/p>\n<p>Sie bezahlen mir den vereinbarten Betrag in bar, sofern Sie nicht vorab auf mein Konto \u00fcberwiesen haben.<\/p>\n<p>Entspannt und mit einem L\u00e4cheln fahren Sie wieder nach Hause.<\/p>\n<p>Wann ist Ihr n\u00e4chster Termin?<\/p>\n","protected":false},"excerpt":{"rendered":"<p>Wir machen telefonisch oder per Mail einen Termin aus, f\u00fcr den Sie bitte ca. 2 Stunden Zeit einplanen. Bei einem Erstkontakt bitte ich Sie, meinen Klientenbogen auszuf\u00fcllen. Wir f\u00fchren ein Vorgespr\u00e4ch \u00fcber Ihre momentane k\u00f6rperliche und emotionale Verfassung und \u00fcber den ungef\u00e4hren Ablauf der Massage. Wir suchen gemeinsam ein f\u00fcr Sie passendes Massage\u00f6l aus. Sie &hellip; <a href=\"https:\/\/die-massage-welle.de\/wordpress\/die-massagen\/ein-typischer-ablauf-der-massage\/\" class=\"more-link\"><span class=\"screen-reader-text\">ein typischer Ablauf meiner Massage<\/span> weiterlesen <span class=\"meta-nav\">&rarr;<\/span><\/a><\/p>\n","protected":false},"author":1,"featured_media":0,"parent":32,"menu_order":40,"comment_status":"closed","ping_status":"closed","template":"","meta":{"footnotes":""},"class_list":["post-59","page","type-page","status-publish","hentry"],"_links":{"self":[{"href":"https:\/\/die-massage-welle.de\/wordpress\/wp-json\/wp\/v2\/pages\/59","targetHints":{"allow":["GET"]}}],"collection":[{"href":"https:\/\/die-massage-welle.de\/wordpress\/wp-json\/wp\/v2\/pages"}],"about":[{"href":"https:\/\/die-massage-welle.de\/wordpress\/wp-json\/wp\/v2\/types\/page"}],"author":[{"embeddable":true,"href":"https:\/\/die-massage-welle.de\/wordpress\/wp-json\/wp\/v2\/users\/1"}],"replies":[{"embeddable":true,"href":"https:\/\/die-massage-welle.de\/wordpress\/wp-json\/wp\/v2\/comments?post=59"}],"version-history":[{"count":2,"href":"https:\/\/die-massage-welle.de\/wordpress\/wp-json\/wp\/v2\/pages\/59\/revisions"}],"predecessor-version":[{"id":217,"href":"https:\/\/die-massage-welle.de\/wordpress\/wp-json\/wp\/v2\/pages\/59\/revisions\/217"}],"up":[{"embeddable":true,"href":"https:\/\/die-massage-welle.de\/wordpress\/wp-json\/wp\/v2\/pages\/32"}],"wp:attachment":[{"href":"https:\/\/die-massage-welle.de\/wordpress\/wp-json\/wp\/v2\/media?parent=59"}],"curies":[{"name":"wp","href":"https:\/\/api.w.org\/{rel}","templated":true}]}}