{"id":61,"date":"2015-03-17T16:44:16","date_gmt":"2015-03-17T15:44:16","guid":{"rendered":"http:\/\/die-massage-welle.de\/?page_id=61"},"modified":"2026-02-16T17:37:03","modified_gmt":"2026-02-16T16:37:03","slug":"energieausgleich","status":"publish","type":"page","link":"https:\/\/die-massage-welle.de\/wordpress\/die-massagen\/energieausgleich\/","title":{"rendered":"Energieausgleich\/Preise"},"content":{"rendered":"<p>Um einen Energieausgleich zwischen der von mir geleisteten Vor- und Nachbereitung und der eigentlichen Massageleistung herzustellen, bitte ich um Ausgleich in bar. Dies wird bitte\u00a0 vor oder nach der Massage entrichtet. Eine Vorab\u00fcberweisung ist selbstverst\u00e4ndlich auch m\u00f6glich.<\/p>\n<p>Wellness: 60 Minuten: 70 Euro<\/p>\n<p>Wellness: 90 Minuten: 105 Euro<\/p>\n<p>Lomi Lomi Nui (ca. 90 Minuten): 105 Euro<\/p>\n<p>Ayurvedische \u00d6l-Massagen (ca. 75 Min.): 85 Euro<\/p>\n<p>Seidenhandschuhmassage (60-70 Min.): 75 Euro<\/p>\n<p>Rosenritual (2 Stunden): 180 Euro<\/p>\n<p>Genussbegleiterin: (ca. 90 Minuten): 150 Euro<\/p>\n<p>Massagetempel im Garten: jeweils 10 Euro dazu.<\/p>\n","protected":false},"excerpt":{"rendered":"<p>Um einen Energieausgleich zwischen der von mir geleisteten Vor- und Nachbereitung und der eigentlichen Massageleistung herzustellen, bitte ich um Ausgleich in bar. Dies wird bitte\u00a0 vor oder nach der Massage entrichtet. Eine Vorab\u00fcberweisung ist selbstverst\u00e4ndlich auch m\u00f6glich. Wellness: 60 Minuten: 70 Euro Wellness: 90 Minuten: 105 Euro Lomi Lomi Nui (ca. 90 Minuten): 105 Euro &hellip; <a href=\"https:\/\/die-massage-welle.de\/wordpress\/die-massagen\/energieausgleich\/\" class=\"more-link\"><span class=\"screen-reader-text\">Energieausgleich\/Preise<\/span> weiterlesen <span class=\"meta-nav\">&rarr;<\/span><\/a><\/p>\n","protected":false},"author":1,"featured_media":0,"parent":32,"menu_order":45,"comment_status":"closed","ping_status":"closed","template":"","meta":{"footnotes":""},"class_list":["post-61","page","type-page","status-publish","hentry"],"_links":{"self":[{"href":"https:\/\/die-massage-welle.de\/wordpress\/wp-json\/wp\/v2\/pages\/61","targetHints":{"allow":["GET"]}}],"collection":[{"href":"https:\/\/die-massage-welle.de\/wordpress\/wp-json\/wp\/v2\/pages"}],"about":[{"href":"https:\/\/die-massage-welle.de\/wordpress\/wp-json\/wp\/v2\/types\/page"}],"author":[{"embeddable":true,"href":"https:\/\/die-massage-welle.de\/wordpress\/wp-json\/wp\/v2\/users\/1"}],"replies":[{"embeddable":true,"href":"https:\/\/die-massage-welle.de\/wordpress\/wp-json\/wp\/v2\/comments?post=61"}],"version-history":[{"count":26,"href":"https:\/\/die-massage-welle.de\/wordpress\/wp-json\/wp\/v2\/pages\/61\/revisions"}],"predecessor-version":[{"id":555,"href":"https:\/\/die-massage-welle.de\/wordpress\/wp-json\/wp\/v2\/pages\/61\/revisions\/555"}],"up":[{"embeddable":true,"href":"https:\/\/die-massage-welle.de\/wordpress\/wp-json\/wp\/v2\/pages\/32"}],"wp:attachment":[{"href":"https:\/\/die-massage-welle.de\/wordpress\/wp-json\/wp\/v2\/media?parent=61"}],"curies":[{"name":"wp","href":"https:\/\/api.w.org\/{rel}","templated":true}]}}