{"id":79,"date":"2015-09-13T11:27:41","date_gmt":"2015-09-13T10:27:41","guid":{"rendered":"http:\/\/die-massage-welle.de\/?page_id=79"},"modified":"2026-03-25T16:47:49","modified_gmt":"2026-03-25T15:47:49","slug":"lomi-lomi-nui-die-koenigin-der-massagen","status":"publish","type":"page","link":"https:\/\/die-massage-welle.de\/wordpress\/die-massagen\/lomi-lomi-nui-die-koenigin-der-massagen\/","title":{"rendered":"Lomi Lomi Nui &#8211; Die K\u00f6nigin der Massagen"},"content":{"rendered":"<div id=\"envira-gallery-wrap-200\" class=\"envira-gallery-wrap envira-gallery-theme-base envira-lightbox-theme-base\" itemscope itemtype=\"https:\/\/schema.org\/ImageGallery\"><div data-row-height=\"150\" data-gallery-theme=\"normal\" id=\"envira-gallery-200\" class=\"envira-gallery-public envira-gallery-justified-public envira-gallery-0-columns envira-clear enviratope envira-gallery-css-animations\" data-envira-columns=\"0\"><div id=\"envira-gallery-item-264\" class=\"envira-gallery-item enviratope-item envira-gallery-item-1 envira-lazy-load\" style=\"padding-left: 5px; padding-bottom: 10px; padding-right: 5px;\"  itemscope itemtype=\"https:\/\/schema.org\/ImageObject\"><div class=\"envira-gallery-item-inner\"><div class=\"envira-gallery-position-overlay  envira-gallery-top-left\"><\/div><div class=\"envira-gallery-position-overlay  envira-gallery-top-right\"><\/div><div class=\"envira-gallery-position-overlay  envira-gallery-bottom-left\"><\/div><div class=\"envira-gallery-position-overlay  envira-gallery-bottom-right\"><\/div><a href=\"https:\/\/die-massage-welle.de\/wordpress\/wp-content\/uploads\/2019\/11\/Zingst-18.9.2019-1-039.jpg\" class=\"envira-gallery-200 envira-gallery-link\" rel=\"enviragallery200\" title=\"&amp;quot;Fliegen&amp;quot; als Vorbereitung f&uuml;r die Lomi\" data-envira-caption=\"&amp;quot;Fliegen&amp;quot; als Vorbereitung f&uuml;r die Lomi\" data-envira-retina=\"\" data-thumbnail=\"\"  itemprop=\"contentUrl\"><img decoding=\"async\" id=\"envira-gallery-image-264\" class=\"envira-gallery-image envira-gallery-image-1 envira-normal envira-lazy\" data-envira-index=\"1\" src=\"https:\/\/die-massage-welle.de\/wordpress\/wp-content\/uploads\/2019\/11\/Zingst-18.9.2019-1-039-640x480.jpg\" data-envira-src=\"https:\/\/die-massage-welle.de\/wordpress\/wp-content\/uploads\/2019\/11\/Zingst-18.9.2019-1-039-640x480.jpg\" data-envira-gallery-id=\"200\" data-envira-item-id=\"264\" data-envira-caption=\"&amp;quot;Fliegen&amp;quot; als Vorbereitung f&uuml;r die Lomi\" alt=\"\" title=\"&quot;Fliegen&quot; als Vorbereitung f\u00fcr die Lomi\"  itemprop=\"thumbnailUrl\" data-envira-srcset=\"https:\/\/die-massage-welle.de\/wordpress\/wp-content\/uploads\/2019\/11\/Zingst-18.9.2019-1-039-640x480.jpg 400w,https:\/\/die-massage-welle.de\/wordpress\/wp-content\/uploads\/2019\/11\/Zingst-18.9.2019-1-039-640x480.jpg 2x\" data-envira-width=\"300\" data-envira-height=\"225\" srcset=\"data:image\/gif;base64,R0lGODlhAQABAIAAAP\/\/\/\/\/\/\/yH5BAEKAAEALAAAAAABAAEAAAICTAEAOw==\" data-safe-src=\"data:image\/gif;base64,R0lGODlhAQABAIAAAP\/\/\/\/\/\/\/yH5BAEKAAEALAAAAAABAAEAAAICTAEAOw==\" \/><\/a><\/div><\/div><div id=\"envira-gallery-item-265\" class=\"envira-gallery-item enviratope-item envira-gallery-item-2 envira-lazy-load\" style=\"padding-left: 5px; padding-bottom: 10px; padding-right: 5px;\"  itemscope itemtype=\"https:\/\/schema.org\/ImageObject\"><div class=\"envira-gallery-item-inner\"><div class=\"envira-gallery-position-overlay  envira-gallery-top-left\"><\/div><div class=\"envira-gallery-position-overlay  envira-gallery-top-right\"><\/div><div class=\"envira-gallery-position-overlay  envira-gallery-bottom-left\"><\/div><div class=\"envira-gallery-position-overlay  envira-gallery-bottom-right\"><\/div><a href=\"https:\/\/die-massage-welle.de\/wordpress\/wp-content\/uploads\/2019\/11\/2019-111.jpg\" class=\"envira-gallery-200 envira-gallery-link\" rel=\"enviragallery200\" title=\"Anrufung - Aloha\" data-envira-caption=\"Anrufung - Aloha\" data-envira-retina=\"\" data-thumbnail=\"\"  itemprop=\"contentUrl\"><img decoding=\"async\" id=\"envira-gallery-image-265\" class=\"envira-gallery-image envira-gallery-image-2 envira-normal envira-lazy\" data-envira-index=\"2\" src=\"https:\/\/die-massage-welle.de\/wordpress\/wp-content\/uploads\/2019\/11\/2019-111-640x480.jpg\" data-envira-src=\"https:\/\/die-massage-welle.de\/wordpress\/wp-content\/uploads\/2019\/11\/2019-111-640x480.jpg\" data-envira-gallery-id=\"200\" data-envira-item-id=\"265\" data-envira-caption=\"Anrufung - Aloha\" alt=\"\" title=\"Anrufung - Aloha\"  itemprop=\"thumbnailUrl\" data-envira-srcset=\"https:\/\/die-massage-welle.de\/wordpress\/wp-content\/uploads\/2019\/11\/2019-111-640x480.jpg 400w,https:\/\/die-massage-welle.de\/wordpress\/wp-content\/uploads\/2019\/11\/2019-111-640x480.jpg 2x\" data-envira-width=\"300\" data-envira-height=\"225\" srcset=\"data:image\/gif;base64,R0lGODlhAQABAIAAAP\/\/\/\/\/\/\/yH5BAEKAAEALAAAAAABAAEAAAICTAEAOw==\" data-safe-src=\"data:image\/gif;base64,R0lGODlhAQABAIAAAP\/\/\/\/\/\/\/yH5BAEKAAEALAAAAAABAAEAAAICTAEAOw==\" \/><\/a><\/div><\/div><div id=\"envira-gallery-item-266\" class=\"envira-gallery-item enviratope-item envira-gallery-item-3 envira-lazy-load\" style=\"padding-left: 5px; padding-bottom: 10px; padding-right: 5px;\"  itemscope itemtype=\"https:\/\/schema.org\/ImageObject\"><div class=\"envira-gallery-item-inner\"><div class=\"envira-gallery-position-overlay  envira-gallery-top-left\"><\/div><div class=\"envira-gallery-position-overlay  envira-gallery-top-right\"><\/div><div class=\"envira-gallery-position-overlay  envira-gallery-bottom-left\"><\/div><div class=\"envira-gallery-position-overlay  envira-gallery-bottom-right\"><\/div><a href=\"https:\/\/die-massage-welle.de\/wordpress\/wp-content\/uploads\/2019\/11\/2019-095.jpg\" class=\"envira-gallery-200 envira-gallery-link\" rel=\"enviragallery200\" title=\"&Ouml;ffnen der Fingergelenke\" data-envira-caption=\"&Ouml;ffnen der Fingergelenke\" data-envira-retina=\"\" data-thumbnail=\"\"  itemprop=\"contentUrl\"><img decoding=\"async\" id=\"envira-gallery-image-266\" class=\"envira-gallery-image envira-gallery-image-3 envira-normal envira-lazy\" data-envira-index=\"3\" src=\"https:\/\/die-massage-welle.de\/wordpress\/wp-content\/uploads\/2019\/11\/2019-095-640x480.jpg\" data-envira-src=\"https:\/\/die-massage-welle.de\/wordpress\/wp-content\/uploads\/2019\/11\/2019-095-640x480.jpg\" data-envira-gallery-id=\"200\" data-envira-item-id=\"266\" data-envira-caption=\"&Ouml;ffnen der Fingergelenke\" alt=\"\" title=\"\u00d6ffnen der Fingergelenke\"  itemprop=\"thumbnailUrl\" data-envira-srcset=\"https:\/\/die-massage-welle.de\/wordpress\/wp-content\/uploads\/2019\/11\/2019-095-640x480.jpg 400w,https:\/\/die-massage-welle.de\/wordpress\/wp-content\/uploads\/2019\/11\/2019-095-640x480.jpg 2x\" data-envira-width=\"300\" data-envira-height=\"225\" srcset=\"data:image\/gif;base64,R0lGODlhAQABAIAAAP\/\/\/\/\/\/\/yH5BAEKAAEALAAAAAABAAEAAAICTAEAOw==\" data-safe-src=\"data:image\/gif;base64,R0lGODlhAQABAIAAAP\/\/\/\/\/\/\/yH5BAEKAAEALAAAAAABAAEAAAICTAEAOw==\" \/><\/a><\/div><\/div><div id=\"envira-gallery-item-267\" class=\"envira-gallery-item enviratope-item envira-gallery-item-4 envira-lazy-load\" style=\"padding-left: 5px; padding-bottom: 10px; padding-right: 5px;\"  itemscope itemtype=\"https:\/\/schema.org\/ImageObject\"><div class=\"envira-gallery-item-inner\"><div class=\"envira-gallery-position-overlay  envira-gallery-top-left\"><\/div><div class=\"envira-gallery-position-overlay  envira-gallery-top-right\"><\/div><div class=\"envira-gallery-position-overlay  envira-gallery-bottom-left\"><\/div><div class=\"envira-gallery-position-overlay  envira-gallery-bottom-right\"><\/div><a href=\"https:\/\/die-massage-welle.de\/wordpress\/wp-content\/uploads\/2019\/11\/2019-102.jpg\" class=\"envira-gallery-200 envira-gallery-link\" rel=\"enviragallery200\" title=\"wertsch&auml;tzende Fu&szlig;massage\" data-envira-caption=\"wertsch&auml;tzende Fu&szlig;massage\" data-envira-retina=\"\" data-thumbnail=\"\"  itemprop=\"contentUrl\"><img decoding=\"async\" id=\"envira-gallery-image-267\" class=\"envira-gallery-image envira-gallery-image-4 envira-normal envira-lazy\" data-envira-index=\"4\" src=\"https:\/\/die-massage-welle.de\/wordpress\/wp-content\/uploads\/2019\/11\/2019-102-640x480.jpg\" data-envira-src=\"https:\/\/die-massage-welle.de\/wordpress\/wp-content\/uploads\/2019\/11\/2019-102-640x480.jpg\" data-envira-gallery-id=\"200\" data-envira-item-id=\"267\" data-envira-caption=\"wertsch&auml;tzende Fu&szlig;massage\" alt=\"\" title=\"wertsch\u00e4tzende Fu\u00dfmassage\"  itemprop=\"thumbnailUrl\" data-envira-srcset=\"https:\/\/die-massage-welle.de\/wordpress\/wp-content\/uploads\/2019\/11\/2019-102-640x480.jpg 400w,https:\/\/die-massage-welle.de\/wordpress\/wp-content\/uploads\/2019\/11\/2019-102-640x480.jpg 2x\" data-envira-width=\"300\" data-envira-height=\"225\" srcset=\"data:image\/gif;base64,R0lGODlhAQABAIAAAP\/\/\/\/\/\/\/yH5BAEKAAEALAAAAAABAAEAAAICTAEAOw==\" data-safe-src=\"data:image\/gif;base64,R0lGODlhAQABAIAAAP\/\/\/\/\/\/\/yH5BAEKAAEALAAAAAABAAEAAAICTAEAOw==\" \/><\/a><\/div><\/div><div id=\"envira-gallery-item-138\" class=\"envira-gallery-item enviratope-item envira-gallery-item-5 envira-lazy-load\" style=\"padding-left: 5px; padding-bottom: 10px; padding-right: 5px;\"  itemscope itemtype=\"https:\/\/schema.org\/ImageObject\"><div class=\"envira-gallery-item-inner\"><div class=\"envira-gallery-position-overlay  envira-gallery-top-left\"><\/div><div class=\"envira-gallery-position-overlay  envira-gallery-top-right\"><\/div><div class=\"envira-gallery-position-overlay  envira-gallery-bottom-left\"><\/div><div class=\"envira-gallery-position-overlay  envira-gallery-bottom-right\"><\/div><a href=\"https:\/\/die-massage-welle.de\/wordpress\/wp-content\/uploads\/2015\/09\/Massagebilder-M\u00e4rz-2017-005.jpg\" class=\"envira-gallery-200 envira-gallery-link\" rel=\"enviragallery200\" title=\"vertiefende Griffe an den Oberschenkeln\" data-envira-caption=\"vertiefende Griffe an den Oberschenkeln\" data-envira-retina=\"\" data-thumbnail=\"\"  itemprop=\"contentUrl\"><img decoding=\"async\" id=\"envira-gallery-image-138\" class=\"envira-gallery-image envira-gallery-image-5 envira-normal envira-lazy\" data-envira-index=\"5\" src=\"https:\/\/die-massage-welle.de\/wordpress\/wp-content\/uploads\/2015\/09\/Massagebilder-M\u00e4rz-2017-005-683x1024-640x480.jpg\" data-envira-src=\"https:\/\/die-massage-welle.de\/wordpress\/wp-content\/uploads\/2015\/09\/Massagebilder-M\u00e4rz-2017-005-683x1024-640x480.jpg\" data-envira-gallery-id=\"200\" data-envira-item-id=\"138\" data-envira-caption=\"vertiefende Griffe an den Oberschenkeln\" alt=\"\" title=\"vertiefende Griffe an den Oberschenkeln\"  itemprop=\"thumbnailUrl\" data-envira-srcset=\"https:\/\/die-massage-welle.de\/wordpress\/wp-content\/uploads\/2015\/09\/Massagebilder-M\u00e4rz-2017-005-683x1024-640x480.jpg 400w,https:\/\/die-massage-welle.de\/wordpress\/wp-content\/uploads\/2015\/09\/Massagebilder-M\u00e4rz-2017-005-683x1024-640x480.jpg 2x\" data-envira-width=\"200\" data-envira-height=\"300\" srcset=\"data:image\/gif;base64,R0lGODlhAQABAIAAAP\/\/\/\/\/\/\/yH5BAEKAAEALAAAAAABAAEAAAICTAEAOw==\" data-safe-src=\"data:image\/gif;base64,R0lGODlhAQABAIAAAP\/\/\/\/\/\/\/yH5BAEKAAEALAAAAAABAAEAAAICTAEAOw==\" \/><\/a><\/div><\/div><div id=\"envira-gallery-item-85\" class=\"envira-gallery-item enviratope-item envira-gallery-item-6 envira-lazy-load\" style=\"padding-left: 5px; padding-bottom: 10px; padding-right: 5px;\"  itemscope itemtype=\"https:\/\/schema.org\/ImageObject\"><div class=\"envira-gallery-item-inner\"><div class=\"envira-gallery-position-overlay  envira-gallery-top-left\"><\/div><div class=\"envira-gallery-position-overlay  envira-gallery-top-right\"><\/div><div class=\"envira-gallery-position-overlay  envira-gallery-bottom-left\"><\/div><div class=\"envira-gallery-position-overlay  envira-gallery-bottom-right\"><\/div><a href=\"https:\/\/die-massage-welle.de\/wordpress\/wp-content\/uploads\/2015\/09\/IMG_0180-Ausschnitt-H\u00e4nde-auf-Bauch.jpg\" class=\"envira-gallery-200 envira-gallery-link\" rel=\"enviragallery200\" title=\"besonders wohltuend - die Bauchmassage\" data-envira-caption=\"besonders wohltuend - die Bauchmassage\" data-envira-retina=\"\" data-thumbnail=\"\"  itemprop=\"contentUrl\"><img decoding=\"async\" id=\"envira-gallery-image-85\" class=\"envira-gallery-image envira-gallery-image-6 envira-normal envira-lazy\" data-envira-index=\"6\" src=\"https:\/\/die-massage-welle.de\/wordpress\/wp-content\/uploads\/2015\/09\/IMG_0180-Ausschnitt-H\u00e4nde-auf-Bauch-1024x768-640x480.jpg\" data-envira-src=\"https:\/\/die-massage-welle.de\/wordpress\/wp-content\/uploads\/2015\/09\/IMG_0180-Ausschnitt-H\u00e4nde-auf-Bauch-1024x768-640x480.jpg\" data-envira-gallery-id=\"200\" data-envira-item-id=\"85\" data-envira-caption=\"besonders wohltuend - die Bauchmassage\" alt=\"\" title=\"besonders wohltuend - die Bauchmassage\"  itemprop=\"thumbnailUrl\" data-envira-srcset=\"https:\/\/die-massage-welle.de\/wordpress\/wp-content\/uploads\/2015\/09\/IMG_0180-Ausschnitt-H\u00e4nde-auf-Bauch-1024x768-640x480.jpg 400w,https:\/\/die-massage-welle.de\/wordpress\/wp-content\/uploads\/2015\/09\/IMG_0180-Ausschnitt-H\u00e4nde-auf-Bauch-1024x768-640x480.jpg 2x\" data-envira-width=\"300\" data-envira-height=\"225\" srcset=\"data:image\/gif;base64,R0lGODlhAQABAIAAAP\/\/\/\/\/\/\/yH5BAEKAAEALAAAAAABAAEAAAICTAEAOw==\" data-safe-src=\"data:image\/gif;base64,R0lGODlhAQABAIAAAP\/\/\/\/\/\/\/yH5BAEKAAEALAAAAAABAAEAAAICTAEAOw==\" \/><\/a><\/div><\/div><div id=\"envira-gallery-item-268\" class=\"envira-gallery-item enviratope-item envira-gallery-item-7 envira-lazy-load\" style=\"padding-left: 5px; padding-bottom: 10px; padding-right: 5px;\"  itemscope itemtype=\"https:\/\/schema.org\/ImageObject\"><div class=\"envira-gallery-item-inner\"><div class=\"envira-gallery-position-overlay  envira-gallery-top-left\"><\/div><div class=\"envira-gallery-position-overlay  envira-gallery-top-right\"><\/div><div class=\"envira-gallery-position-overlay  envira-gallery-bottom-left\"><\/div><div class=\"envira-gallery-position-overlay  envira-gallery-bottom-right\"><\/div><a href=\"https:\/\/die-massage-welle.de\/wordpress\/wp-content\/uploads\/2019\/11\/2019-103.jpg\" class=\"envira-gallery-200 envira-gallery-link\" rel=\"enviragallery200\" title=\"v&ouml;lliges Loslassen beim Gehaltenwerden\" data-envira-caption=\"v&ouml;lliges Loslassen beim Gehaltenwerden\" data-envira-retina=\"\" data-thumbnail=\"\"  itemprop=\"contentUrl\"><img decoding=\"async\" id=\"envira-gallery-image-268\" class=\"envira-gallery-image envira-gallery-image-7 envira-normal envira-lazy\" data-envira-index=\"7\" src=\"https:\/\/die-massage-welle.de\/wordpress\/wp-content\/uploads\/2019\/11\/2019-103-640x480.jpg\" data-envira-src=\"https:\/\/die-massage-welle.de\/wordpress\/wp-content\/uploads\/2019\/11\/2019-103-640x480.jpg\" data-envira-gallery-id=\"200\" data-envira-item-id=\"268\" data-envira-caption=\"v&ouml;lliges Loslassen beim Gehaltenwerden\" alt=\"\" title=\"v\u00f6lliges Loslassen beim Gehaltenwerden\"  itemprop=\"thumbnailUrl\" data-envira-srcset=\"https:\/\/die-massage-welle.de\/wordpress\/wp-content\/uploads\/2019\/11\/2019-103-640x480.jpg 400w,https:\/\/die-massage-welle.de\/wordpress\/wp-content\/uploads\/2019\/11\/2019-103-640x480.jpg 2x\" data-envira-width=\"300\" data-envira-height=\"225\" srcset=\"data:image\/gif;base64,R0lGODlhAQABAIAAAP\/\/\/\/\/\/\/yH5BAEKAAEALAAAAAABAAEAAAICTAEAOw==\" data-safe-src=\"data:image\/gif;base64,R0lGODlhAQABAIAAAP\/\/\/\/\/\/\/yH5BAEKAAEALAAAAAABAAEAAAICTAEAOw==\" \/><\/a><\/div><\/div><div id=\"envira-gallery-item-269\" class=\"envira-gallery-item enviratope-item envira-gallery-item-8 envira-lazy-load\" style=\"padding-left: 5px; padding-bottom: 10px; padding-right: 5px;\"  itemscope itemtype=\"https:\/\/schema.org\/ImageObject\"><div class=\"envira-gallery-item-inner\"><div class=\"envira-gallery-position-overlay  envira-gallery-top-left\"><\/div><div class=\"envira-gallery-position-overlay  envira-gallery-top-right\"><\/div><div class=\"envira-gallery-position-overlay  envira-gallery-bottom-left\"><\/div><div class=\"envira-gallery-position-overlay  envira-gallery-bottom-right\"><\/div><a href=\"https:\/\/die-massage-welle.de\/wordpress\/wp-content\/uploads\/2019\/11\/2019-106.jpg\" class=\"envira-gallery-200 envira-gallery-link\" rel=\"enviragallery200\" title=\"Ruhen nach der Massage\" data-envira-caption=\"Ruhen nach der Massage\" data-envira-retina=\"\" data-thumbnail=\"\"  itemprop=\"contentUrl\"><img decoding=\"async\" id=\"envira-gallery-image-269\" class=\"envira-gallery-image envira-gallery-image-8 envira-normal envira-lazy\" data-envira-index=\"8\" src=\"https:\/\/die-massage-welle.de\/wordpress\/wp-content\/uploads\/2019\/11\/2019-106-640x480.jpg\" data-envira-src=\"https:\/\/die-massage-welle.de\/wordpress\/wp-content\/uploads\/2019\/11\/2019-106-640x480.jpg\" data-envira-gallery-id=\"200\" data-envira-item-id=\"269\" data-envira-caption=\"Ruhen nach der Massage\" alt=\"\" title=\"Ruhen nach der Massage\"  itemprop=\"thumbnailUrl\" data-envira-srcset=\"https:\/\/die-massage-welle.de\/wordpress\/wp-content\/uploads\/2019\/11\/2019-106-640x480.jpg 400w,https:\/\/die-massage-welle.de\/wordpress\/wp-content\/uploads\/2019\/11\/2019-106-640x480.jpg 2x\" data-envira-width=\"300\" data-envira-height=\"225\" srcset=\"data:image\/gif;base64,R0lGODlhAQABAIAAAP\/\/\/\/\/\/\/yH5BAEKAAEALAAAAAABAAEAAAICTAEAOw==\" data-safe-src=\"data:image\/gif;base64,R0lGODlhAQABAIAAAP\/\/\/\/\/\/\/yH5BAEKAAEALAAAAAABAAEAAAICTAEAOw==\" \/><\/a><\/div><\/div><\/div><\/div><noscript><img decoding=\"async\" src=\"https:\/\/die-massage-welle.de\/wordpress\/wp-content\/uploads\/2019\/11\/Zingst-18.9.2019-1-039.jpg\" alt=\"\" \/><img decoding=\"async\" src=\"https:\/\/die-massage-welle.de\/wordpress\/wp-content\/uploads\/2019\/11\/2019-111.jpg\" alt=\"\" \/><img decoding=\"async\" src=\"https:\/\/die-massage-welle.de\/wordpress\/wp-content\/uploads\/2019\/11\/2019-095.jpg\" alt=\"\" \/><img decoding=\"async\" src=\"https:\/\/die-massage-welle.de\/wordpress\/wp-content\/uploads\/2019\/11\/2019-102.jpg\" alt=\"\" \/><img decoding=\"async\" src=\"https:\/\/die-massage-welle.de\/wordpress\/wp-content\/uploads\/2015\/09\/Massagebilder-M\u00e4rz-2017-005.jpg\" alt=\"\" \/><img decoding=\"async\" src=\"https:\/\/die-massage-welle.de\/wordpress\/wp-content\/uploads\/2015\/09\/IMG_0180-Ausschnitt-H\u00e4nde-auf-Bauch.jpg\" alt=\"\" \/><img decoding=\"async\" src=\"https:\/\/die-massage-welle.de\/wordpress\/wp-content\/uploads\/2019\/11\/2019-103.jpg\" alt=\"\" \/><img decoding=\"async\" src=\"https:\/\/die-massage-welle.de\/wordpress\/wp-content\/uploads\/2019\/11\/2019-106.jpg\" alt=\"\" \/><\/noscript>\r\n\r\n<p>Sie wird oft die K\u00f6nigin unter den Massagen genannt und wird als sehr wohltuend empfunden und unterst\u00fctzt eine tiefgehende Entspannung.<\/p>\r\n\r\n\r\n\r\n<p>Dies ist ein Ritual, das z.B. bei \u00dcberg\u00e4ngen im Leben gegeben wird. Es wird mit viel warmem (Bio-Kokos-)\u00d6l gearbeitet, so dass die Massage \u00fcblicherweise unbekleidet empfangen wird. Der Intimbereich bleibt stets abgedeckt und wird nicht ber\u00fchrt. Durch lange, streichende Ber\u00fchrungen mit den H\u00e4nden und den Unterarmen auch unter dem K\u00f6rper wird der K\u00f6rper in Balance gebracht. Die Massage am R\u00fccken f\u00f6rdert das Loslassen von Altem, Gelenke werden gelockert, das Aufgesetzt-Werden und Drehen auf der Liege bringt den Lebensfluss in Bewegung, so dass sich Blockaden l\u00f6sen k\u00f6nnen. Die Massage der K\u00f6rpervorderseite \u00f6ffnet f\u00fcr Neues. Der Klient wird liebevoll unterst\u00fctzt, um mit Vertrauen und Freude in die Zukunft zu gehen.<\/p>\r\n<p>Aus Erfahrung nach hunderten von Lomis kann ich berichten, dass einige Kunden einfach nur meine achtsame Ber\u00fchrung genie\u00dfen, einige kommen wirklich in sehr tiefe Entspannung oder pers\u00f6nliche Prozesse, w\u00e4hrend es nat\u00fcrlich auch Menschen gibt, denen diese Art von Ber\u00fchrung zu &#8222;nah&#8220; ist. Sie k\u00f6nnen mir jederzeit auch w\u00e4hrend der Massage ein Signal geben, wenn Sie mehr Raum ben\u00f6tigen. Mir pers\u00f6nlich ist Entspannung wichtig, daher arbeite ich sehr langsam und dadurch tief gehend. Lassen Sie sich auf diese besondere Erfahrung ein!<\/p>\r\n<p>Die Lomi Lomi Nui dauert ca. 90 Minuten und kostet 105,00 Euro.<\/p>\r\n\r\n\r\n\r\n<p>&nbsp;<\/p>\r\n","protected":false},"excerpt":{"rendered":"<p>Sie wird oft die K\u00f6nigin unter den Massagen genannt und wird als sehr wohltuend empfunden und unterst\u00fctzt eine tiefgehende Entspannung. Dies ist ein Ritual, das z.B. bei \u00dcberg\u00e4ngen im Leben gegeben wird. Es wird mit viel warmem (Bio-Kokos-)\u00d6l gearbeitet, so dass die Massage \u00fcblicherweise unbekleidet empfangen wird. Der Intimbereich bleibt stets abgedeckt und wird nicht &hellip; <a href=\"https:\/\/die-massage-welle.de\/wordpress\/die-massagen\/lomi-lomi-nui-die-koenigin-der-massagen\/\" class=\"more-link\"><span class=\"screen-reader-text\">Lomi Lomi Nui &#8211; Die K\u00f6nigin der Massagen<\/span> weiterlesen <span class=\"meta-nav\">&rarr;<\/span><\/a><\/p>\n","protected":false},"author":1,"featured_media":0,"parent":32,"menu_order":0,"comment_status":"open","ping_status":"closed","template":"","meta":{"footnotes":""},"class_list":["post-79","page","type-page","status-publish","hentry"],"_links":{"self":[{"href":"https:\/\/die-massage-welle.de\/wordpress\/wp-json\/wp\/v2\/pages\/79","targetHints":{"allow":["GET"]}}],"collection":[{"href":"https:\/\/die-massage-welle.de\/wordpress\/wp-json\/wp\/v2\/pages"}],"about":[{"href":"https:\/\/die-massage-welle.de\/wordpress\/wp-json\/wp\/v2\/types\/page"}],"author":[{"embeddable":true,"href":"https:\/\/die-massage-welle.de\/wordpress\/wp-json\/wp\/v2\/users\/1"}],"replies":[{"embeddable":true,"href":"https:\/\/die-massage-welle.de\/wordpress\/wp-json\/wp\/v2\/comments?post=79"}],"version-history":[{"count":17,"href":"https:\/\/die-massage-welle.de\/wordpress\/wp-json\/wp\/v2\/pages\/79\/revisions"}],"predecessor-version":[{"id":559,"href":"https:\/\/die-massage-welle.de\/wordpress\/wp-json\/wp\/v2\/pages\/79\/revisions\/559"}],"up":[{"embeddable":true,"href":"https:\/\/die-massage-welle.de\/wordpress\/wp-json\/wp\/v2\/pages\/32"}],"wp:attachment":[{"href":"https:\/\/die-massage-welle.de\/wordpress\/wp-json\/wp\/v2\/media?parent=79"}],"curies":[{"name":"wp","href":"https:\/\/api.w.org\/{rel}","templated":true}]}}